{"id":27,"date":"2010-07-09T09:08:57","date_gmt":"2010-07-09T09:08:57","guid":{"rendered":"http:\/\/www.bilgimusavirlik.com\/?page_id=27"},"modified":"2012-10-17T09:58:13","modified_gmt":"2012-10-17T09:58:13","slug":"hizmetlerimiz","status":"publish","type":"page","link":"http:\/\/www.makrodenetim.com.tr\/?page_id=27","title":{"rendered":"Hizmetlerimiz"},"content":{"rendered":"<p>Makro \u00c7\u00f6z\u00fcm Denetim \u00a0ve\u00a0 Yeminli Mali M\u00fc\u015favirlik b\u00fcnyesinde <strong>Maliye Bakanl\u0131\u011f\u0131<\/strong> <strong>Gelirler Kontrol\u00f6rleri iken Yeminli Mali M\u00fc\u015favir olarak\u00a0 &#8211; vergi denetmenleri<\/strong> tecr\u00fcbesine sahip ortak stat\u00fcs\u00fcndeki yeminli mali m\u00fc\u015favirlerle birlikte serbest muhasebeci mali m\u00fc\u015favir,k\u0131demli denet\u00e7i,denet\u00e7i ve denet\u00e7i yard\u0131mc\u0131lar\u0131 g\u00f6rev yapmaktad\u0131r.<\/p>\n<table width=\"100%\" border=\"0\" cellspacing=\"0\" cellpadding=\"0\" align=\"left\">\n<tbody>\n<tr>\n<td valign=\"top\">\u00a0<\/td>\n<\/tr>\n<tr>\n<td valign=\"top\">\u00a0<\/td>\n<\/tr>\n<tr>\n<td valign=\"top\">\u00a0<\/td>\n<\/tr>\n<tr>\n<td valign=\"top\"><strong>a. Tam Tasdik Hizmetleri<\/strong><\/p>\n<ul>\n<li>Kanuni defter ve belgelerin, ilgili mali tablolar\u0131n vergi mevzuat\u0131 h\u00fck\u00fcmleri \u00e7er\u00e7evesinde denetimi<\/li>\n<li>Kurumlar vergisi matrah\u0131n\u0131n mevzuata uygunlu\u011funun tespiti<\/li>\n<li>Denetim esnas\u0131nda tesbit edilen hatalar\u0131n d\u00fczeltilmesi, eksikliklerin giderilmesi<\/li>\n<li>\u00dc\u00e7er ayl\u0131k ge\u00e7ici vergi beyannamelerinin mevzuata uygunluk kontrol\u00fc<\/li>\n<li>Y\u0131ll\u0131k kurumlar vergisi beyannamesinin mevzuata uygunluk kontrol\u00fc yap\u0131larak tasdik edilmesi<\/li>\n<li>Tam Tasdik Raporu&#8217;nun d\u00fczenlenmesi<\/li>\n<\/ul>\n<p><strong>b. Diger Tasdik Hizmetleri<\/strong><\/p>\n<ul>\n<li>Sermayenin \u00d6dendi\u011finin Tespiti<\/li>\n<li>Yeniden De\u011ferleme De\u011fer Art\u0131\u015f Fonu Tasdi\u011fi<\/li>\n<li>Sermayeye Eklenebilir \u0130\u00e7 Kaynaklar\u0131n Tespiti<\/li>\n<li>Yat\u0131r\u0131m \u0130ndirimi \u0130stisnas\u0131 Tasdi\u011fi<\/li>\n<li>KDV \u0130ade ve Mahsup \u0130\u015flemleri Tasdi\u011fi<\/li>\n<li>Kurumlar Vergisi \u0130stisnalar\u0131 Tasdi\u011fi<\/li>\n<li>\u00d6zel Ama\u00e7l\u0131 Tesbit ve Tasdik \u0130\u015flemleri<\/li>\n<li>\u0130ndirimli oranlara tabi KDV iade tasti\u011fi<\/li>\n<\/ul>\n<\/td>\n<\/tr>\n<\/tbody>\n<\/table>\n<p>&nbsp;<\/p>\n<p><strong>\u00a0<\/strong><\/p>\n<p><strong>H\u0130ZMETLER\u0130M\u0130Z<\/strong><br \/>\n\u2022\u00a0Dan\u0131\u015fmanl\u0131k<br \/>\n\u2022\u00a0Denetim<br \/>\n\u2022\u00a0Yeminli Mali M\u00fc\u015favirlik Hizmetleri<br \/>\n\u2022\u00a0Muhasebe ve Mali \u0130\u015fler Y\u00f6netimi<br \/>\n\u2022\u00a0Vergi Uyu\u015fmazl\u0131klar\u0131,vergi Davalar\u0131 ve S\u00fcre\u00e7 Y\u00f6netimi<br \/>\n\u2022\u00a0Risk ve F\u0131rsat Analizi<br \/>\n\u2022\u00a0E\u011fitim<br \/>\n\u2022\u00a0\u0130nsan Kaynaklar\u0131<\/p>\n<p><strong>Dan\u0131\u015fmanl\u0131k<\/strong><br \/>\nKurumsal Vergi Dan\u0131\u015fmanl\u0131\u011f\u0131<br \/>\nBireysel Vergi Dan\u0131\u015fmanl\u0131\u011f\u0131<br \/>\nKurum ve \u015eah\u0131slara Y\u00f6nelik Vergi Planlamas\u0131<br \/>\nHolding veya Grup \u015eirketlerine Y\u00f6nelik Dan\u0131\u015fmanl\u0131k<br \/>\nAile \u015eirketleri Dan\u0131\u015fmanl\u0131\u011f\u0131<br \/>\nUluslararas\u0131 Vergi Dan\u0131\u015fmanl\u0131\u011f\u0131<br \/>\nKamu \u0130dareleriyle \u0130li\u015fkilerin Y\u00f6netimi<br \/>\nSekt\u00f6rel Analiz ve De\u011ferlendirmeler<br \/>\nTe\u015fvik Dan\u0131\u015fmanl\u0131\u011f\u0131<br \/>\nVeraset intikal, Birle\u015fme B\u00f6l\u00fcnme Hisse De\u011fi\u015fimi Sat\u0131n Almalar \u015eirket Yeniden Yap\u0131lanmalar\u0131<br \/>\nB\u00fct\u00e7eleme ve Projeksiyon \u0130\u015flemleri<br \/>\nMevzuat ve Uygulama De\u011fi\u015fikliklerinin Sirk\u00fclerle Bildirilmesi<\/p>\n<p>Spk dan\u0131\u015fmanl\u0131\u011f\u0131<\/p>\n<p>Kredibilite dan\u0131\u015fmanl\u0131\u011f\u0131<\/p>\n<p><strong>Denetim<\/strong><br \/>\n\u015eirketlerin Mali Departmanlar\u0131nca Y\u00fcr\u00fct\u00fclen \u0130\u015f Ve \u0130\u015flemlerin Denetimi<br \/>\nMali Tablolar\u0131n Denetimi<br \/>\nT\u00fcrk Ticaret Kanunu\u00a0 Kapsam\u0131nda Denetim Hizmetleri<br \/>\nBa\u011f\u0131ms\u0131z D\u0131\u015f Denetim<br \/>\n\u0130\u00e7 Denetim<br \/>\nHile ve Yolsuzluk Denetimi<br \/>\n\u00d6zel Ama\u00e7l\u0131 \u0130ncelemeler<\/p>\n<p>\u00a0<strong>Yeminli Mali M\u00fc\u015favirlik Hizmetleri<\/strong><br \/>\nKurumlar Vergisi ve Gelir Vergisi Beyannamelerinin Tasdiki<br \/>\nMali Tablolar\u0131n Tasdiki<br \/>\nKDV &#8211; \u00d6TV ve \u00f6zel indirimli \u0130adelerinin Tasdiki<br \/>\nVergi \u0130stisna ve Muafiyetlerinin Tasdiki<br \/>\nYat\u0131r\u0131m \u0130ndirimi Uygulamalar\u0131n\u0131n Tasdiki<br \/>\nSermaye Yedekleri ve \u0130\u00e7 Kaynaklardan Yap\u0131lacak Sermaye Art\u0131r\u0131m\u0131n\u0131n Tasdiki<br \/>\nSermayenin Mevcudiyetinin ve \u00d6dendi\u011finin Tasdiki<br \/>\nBanka Kredilerine \u0130li\u015fkin Mali Raporlar\u0131n Tasdiki<br \/>\nVak\u0131f ve Derneklerde Vergi Muafiyeti \u015eartlar\u0131n\u0131n Tasdiki<br \/>\nRadyo ve Televizyon Yay\u0131n Kurulu\u015flar\u0131 Gelirleri \u00dcst Kurul Paylar\u0131n\u0131n Tasdiki<br \/>\nDi\u011fer \u00d6zel Ama\u00e7l\u0131 Tespit ve Tasdik Raporlar\u0131<\/p>\n<p>\u00a0<strong>Muhasebe ve Mali \u0130\u015fler Departman\u0131n\u0131n Y\u00f6netimi<\/strong><br \/>\nMuhasebe Departman\u0131n\u0131n Kurulmas\u0131 ve Y\u00f6netimi<br \/>\nMuhasebe Yaz\u0131l\u0131mlar\u0131n\u0131n Tedariki ve Sistem Kurulumu<br \/>\nMuhasebe Servisi Destek Hizmetleri<\/p>\n<p>&nbsp;<\/p>\n<p>\u00a0<strong>Vergi Uyu\u015fmazl\u0131klar\u0131,Davalar\u0131 S\u00fcre\u00e7 Y\u00f6netimi <\/strong><strong><br \/>\n<\/strong>Vergi \u0130ncelemelerinde Dan\u0131\u015fmanl\u0131k<br \/>\nVergi Uzla\u015fmalar\u0131nda Dan\u0131\u015fmanl\u0131k<br \/>\nVergi Davalar\u0131n\u0131n ve hukuki boyutunun Takibi<\/p>\n<p><strong>Risk ve F\u0131rsat Analizleri<\/strong><br \/>\nVergi \u0130\u015flemlerindeki Risklerin Tespiti<br \/>\nKazan\u00e7 ve Sermayeye Y\u00f6nelik Risk Analizi<br \/>\n\u015eirketlerin \u0130\u015f ve \u0130\u015flemlerine Y\u00f6nelik Risk Analizi<br \/>\nTe\u015fvik B\u00f6lgelerindeki ( Serbest B\u00f6lgeler, Teknopark Alanlar\u0131 ) Faaliyetlerin Risk ve F\u0131rsat Analizleri<br \/>\nY\u00f6neticilerin Sorumluluk Analizi<\/p>\n<p><strong>E\u011fitim<\/strong><br \/>\n\u015eirketlerin Mali Departmanlar\u0131na Y\u00f6nelik E\u011fitim<br \/>\nMali Mevzuatta Ortaya \u00c7\u0131kan Yeni Uygulamalar\u0131n E\u011fitimi<br \/>\nMevzuat De\u011fi\u015fikliklerinin \u015eirketlere D\u00fczenli Bildirilmesi<br \/>\nSpesifik Konularda Sekt\u00f6r Temsilcilerine Y\u00f6nelik E\u011fitim<br \/>\n\u0130nsan Kaynaklar\u0131<br \/>\nPersonel \u0130htiyac\u0131n\u0131n Tespiti ve Planlama<br \/>\nEkip Kurulmas\u0131 ve Y\u00f6netimi<br \/>\nPersonel Se\u00e7imi De\u011ferlendirme Ve \u0130\u015fe Alma<br \/>\nPersonel E\u011fitimi<br \/>\nKariyer Y\u00f6netimi<\/p>\n","protected":false},"excerpt":{"rendered":"<p>Makro \u00c7\u00f6z\u00fcm Denetim \u00a0ve\u00a0 Yeminli Mali M\u00fc\u015favirlik b\u00fcnyesinde Maliye Bakanl\u0131\u011f\u0131 Gelirler Kontrol\u00f6rleri iken Yeminli Mali M\u00fc\u015favir olarak\u00a0 &#8211; vergi denetmenleri tecr\u00fcbesine sahip ortak stat\u00fcs\u00fcndeki yeminli mali m\u00fc\u015favirlerle birlikte serbest muhasebeci mali m\u00fc\u015favir,k\u0131demli denet\u00e7i,denet\u00e7i ve denet\u00e7i yard\u0131mc\u0131lar\u0131 g\u00f6rev yapmaktad\u0131r. \u00a0 \u00a0 \u00a0 a. Tam Tasdik Hizmetleri Kanuni defter ve belgelerin, ilgili mali tablolar\u0131n vergi mevzuat\u0131 h\u00fck\u00fcmleri [&hellip;]<\/p>\n","protected":false},"author":1,"featured_media":0,"parent":0,"menu_order":0,"comment_status":"closed","ping_status":"closed","template":"","meta":{"footnotes":""},"class_list":["post-27","page","type-page","status-publish","hentry"],"_links":{"self":[{"href":"http:\/\/www.makrodenetim.com.tr\/index.php?rest_route=\/wp\/v2\/pages\/27","targetHints":{"allow":["GET"]}}],"collection":[{"href":"http:\/\/www.makrodenetim.com.tr\/index.php?rest_route=\/wp\/v2\/pages"}],"about":[{"href":"http:\/\/www.makrodenetim.com.tr\/index.php?rest_route=\/wp\/v2\/types\/page"}],"author":[{"embeddable":true,"href":"http:\/\/www.makrodenetim.com.tr\/index.php?rest_route=\/wp\/v2\/users\/1"}],"replies":[{"embeddable":true,"href":"http:\/\/www.makrodenetim.com.tr\/index.php?rest_route=%2Fwp%2Fv2%2Fcomments&post=27"}],"version-history":[{"count":8,"href":"http:\/\/www.makrodenetim.com.tr\/index.php?rest_route=\/wp\/v2\/pages\/27\/revisions"}],"predecessor-version":[{"id":200,"href":"http:\/\/www.makrodenetim.com.tr\/index.php?rest_route=\/wp\/v2\/pages\/27\/revisions\/200"}],"wp:attachment":[{"href":"http:\/\/www.makrodenetim.com.tr\/index.php?rest_route=%2Fwp%2Fv2%2Fmedia&parent=27"}],"curies":[{"name":"wp","href":"https:\/\/api.w.org\/{rel}","templated":true}]}}