{"id":42,"date":"2010-07-09T09:14:26","date_gmt":"2010-07-09T09:14:26","guid":{"rendered":"http:\/\/www.bilgimusavirlik.com\/?page_id=42"},"modified":"2010-07-09T09:14:26","modified_gmt":"2010-07-09T09:14:26","slug":"kooperatifler-mevzuati","status":"publish","type":"page","link":"http:\/\/www.makrodenetim.com.tr\/?page_id=42","title":{"rendered":"Kooperatifler Mevzuat\u0131"},"content":{"rendered":"<p><a href=\"javascript:na_open_window('test', 'http:\/\/www.alomaliye.com\/kooperatif_ana_sayfa.htm', 120, 100, 960, 750, 0, 0, 1, 1, 1)\" target=\"_self\">Kooperatifler Mevzuat\u0131 Listesi \u0130\u00e7in T\u0131klay\u0131n<\/a><\/p>\n","protected":false},"excerpt":{"rendered":"<p>Kooperatifler Mevzuat\u0131 Listesi \u0130\u00e7in T\u0131klay\u0131n<\/p>\n","protected":false},"author":1,"featured_media":0,"parent":0,"menu_order":0,"comment_status":"closed","ping_status":"closed","template":"","meta":{"footnotes":""},"class_list":["post-42","page","type-page","status-publish","hentry"],"_links":{"self":[{"href":"http:\/\/www.makrodenetim.com.tr\/index.php?rest_route=\/wp\/v2\/pages\/42","targetHints":{"allow":["GET"]}}],"collection":[{"href":"http:\/\/www.makrodenetim.com.tr\/index.php?rest_route=\/wp\/v2\/pages"}],"about":[{"href":"http:\/\/www.makrodenetim.com.tr\/index.php?rest_route=\/wp\/v2\/types\/page"}],"author":[{"embeddable":true,"href":"http:\/\/www.makrodenetim.com.tr\/index.php?rest_route=\/wp\/v2\/users\/1"}],"replies":[{"embeddable":true,"href":"http:\/\/www.makrodenetim.com.tr\/index.php?rest_route=%2Fwp%2Fv2%2Fcomments&post=42"}],"version-history":[{"count":0,"href":"http:\/\/www.makrodenetim.com.tr\/index.php?rest_route=\/wp\/v2\/pages\/42\/revisions"}],"wp:attachment":[{"href":"http:\/\/www.makrodenetim.com.tr\/index.php?rest_route=%2Fwp%2Fv2%2Fmedia&parent=42"}],"curies":[{"name":"wp","href":"https:\/\/api.w.org\/{rel}","templated":true}]}}