{"id":58,"date":"2010-07-09T09:23:13","date_gmt":"2010-07-09T09:23:13","guid":{"rendered":"http:\/\/www.bilgimusavirlik.com\/?page_id=58"},"modified":"2010-07-09T09:23:13","modified_gmt":"2010-07-09T09:23:13","slug":"sakatlik-mevzuati","status":"publish","type":"page","link":"http:\/\/www.makrodenetim.com.tr\/?page_id=58","title":{"rendered":"Sakatl\u0131k Mevzuat\u0131"},"content":{"rendered":"<table width=\"561\" align=\"center\">\n<tbody>\n<tr>\n<td width=\"555\" height=\"23\" bgcolor=\"#f9f9ff\"><a href=\"javascript:na_open_window('test', 'http:\/\/www.alomaliye.com\/sakatlik_ana_sayfa.htm', 120, 100, 960, 750, 0, 0, 1, 1, 1)\" target=\"_self\">SAKATLIK MEVZUATI ( AYRINTILI L\u0130STE )<br \/>\n<\/a><\/td>\n<\/tr>\n<\/tbody>\n<\/table>\n<table width=\"561\" align=\"center\">\n<tbody>\n<tr>\n<td width=\"555\" height=\"23\" bgcolor=\"#f9f9ff\"><a href=\"http:\/\/www.gib.gov.tr\/fileadmin\/user_upload\/VI\/SIIVI.htm\" target=\"_blank\">SAKATLIK                          \u0130ND\u0130R\u0130M\u0130NE \u0130L\u0130\u015eK\u0130N VERG\u0130 \u0130STAT\u0130ST\u0130KLER\u0130 (2006)<\/a><\/td>\n<\/tr>\n<\/tbody>\n<\/table>\n","protected":false},"excerpt":{"rendered":"<p>SAKATLIK MEVZUATI ( AYRINTILI L\u0130STE ) SAKATLIK \u0130ND\u0130R\u0130M\u0130NE \u0130L\u0130\u015eK\u0130N VERG\u0130 \u0130STAT\u0130ST\u0130KLER\u0130 (2006)<\/p>\n","protected":false},"author":1,"featured_media":0,"parent":0,"menu_order":0,"comment_status":"closed","ping_status":"closed","template":"","meta":{"footnotes":""},"class_list":["post-58","page","type-page","status-publish","hentry"],"_links":{"self":[{"href":"http:\/\/www.makrodenetim.com.tr\/index.php?rest_route=\/wp\/v2\/pages\/58","targetHints":{"allow":["GET"]}}],"collection":[{"href":"http:\/\/www.makrodenetim.com.tr\/index.php?rest_route=\/wp\/v2\/pages"}],"about":[{"href":"http:\/\/www.makrodenetim.com.tr\/index.php?rest_route=\/wp\/v2\/types\/page"}],"author":[{"embeddable":true,"href":"http:\/\/www.makrodenetim.com.tr\/index.php?rest_route=\/wp\/v2\/users\/1"}],"replies":[{"embeddable":true,"href":"http:\/\/www.makrodenetim.com.tr\/index.php?rest_route=%2Fwp%2Fv2%2Fcomments&post=58"}],"version-history":[{"count":0,"href":"http:\/\/www.makrodenetim.com.tr\/index.php?rest_route=\/wp\/v2\/pages\/58\/revisions"}],"wp:attachment":[{"href":"http:\/\/www.makrodenetim.com.tr\/index.php?rest_route=%2Fwp%2Fv2%2Fmedia&parent=58"}],"curies":[{"name":"wp","href":"https:\/\/api.w.org\/{rel}","templated":true}]}}