{"id":62,"date":"2010-07-09T09:23:47","date_gmt":"2010-07-09T09:23:47","guid":{"rendered":"http:\/\/www.bilgimusavirlik.com\/?page_id=62"},"modified":"2010-07-09T09:23:47","modified_gmt":"2010-07-09T09:23:47","slug":"tefe-katsayilari","status":"publish","type":"page","link":"http:\/\/www.makrodenetim.com.tr\/?page_id=62","title":{"rendered":"Tefe Katsay\u0131lar\u0131"},"content":{"rendered":"<p style=\"text-align: center;\"><a href=\"http:\/\/www.alomaliye.com\/tefe_katsayilari.rtf\" target=\"_blank\"><strong>Tefe Katsay\u0131lar\u0131 \u0130\u00e7in T\u0131klay\u0131n\u0131z<\/strong><\/a><\/p>\n","protected":false},"excerpt":{"rendered":"<p>Tefe Katsay\u0131lar\u0131 \u0130\u00e7in T\u0131klay\u0131n\u0131z<\/p>\n","protected":false},"author":1,"featured_media":0,"parent":0,"menu_order":0,"comment_status":"closed","ping_status":"closed","template":"","meta":{"footnotes":""},"class_list":["post-62","page","type-page","status-publish","hentry"],"_links":{"self":[{"href":"http:\/\/www.makrodenetim.com.tr\/index.php?rest_route=\/wp\/v2\/pages\/62","targetHints":{"allow":["GET"]}}],"collection":[{"href":"http:\/\/www.makrodenetim.com.tr\/index.php?rest_route=\/wp\/v2\/pages"}],"about":[{"href":"http:\/\/www.makrodenetim.com.tr\/index.php?rest_route=\/wp\/v2\/types\/page"}],"author":[{"embeddable":true,"href":"http:\/\/www.makrodenetim.com.tr\/index.php?rest_route=\/wp\/v2\/users\/1"}],"replies":[{"embeddable":true,"href":"http:\/\/www.makrodenetim.com.tr\/index.php?rest_route=%2Fwp%2Fv2%2Fcomments&post=62"}],"version-history":[{"count":0,"href":"http:\/\/www.makrodenetim.com.tr\/index.php?rest_route=\/wp\/v2\/pages\/62\/revisions"}],"wp:attachment":[{"href":"http:\/\/www.makrodenetim.com.tr\/index.php?rest_route=%2Fwp%2Fv2%2Fmedia&parent=62"}],"curies":[{"name":"wp","href":"https:\/\/api.w.org\/{rel}","templated":true}]}}